{"id":765,"date":"2011-06-07T18:03:49","date_gmt":"2011-06-07T16:03:49","guid":{"rendered":"http:\/\/ascea.dsign-web.com\/?page_id=765"},"modified":"2023-08-09T11:35:45","modified_gmt":"2023-08-09T09:35:45","slug":"contactez-nous-2","status":"publish","type":"page","link":"http:\/\/www.ascea-saclay-plongee.com\/?page_id=765","title":{"rendered":"Contactez nous"},"content":{"rendered":"\n<p>Notre adresse email du club pour nous contacter:&nbsp; <a href=\"mailto:ascea.saclay.plongee@gmail.com?subject=Demande de contact depuis le site web\">ascea.saclay.plongee@gmail.com<\/a><\/p>\n\n\n\n<p>Le Bureau de notre section de plong\u00e9e se compose actuellement de :&nbsp;<\/p>\n\n\n\n<figure class=\"wp-block-table\"><table><tbody><tr><th><strong>Poste<\/strong><\/th><th><strong>Nom<\/strong><\/th><th><strong>Activit\u00e9s Club<\/strong><\/th><\/tr><tr><td>Responsable section<\/td><td>Bruno <strong>LAROUSSE<\/strong><\/td><td>&nbsp;<\/td><\/tr><tr><td>Tr\u00e9sori\u00e8re<\/td><td>Emmanuelle <strong>BOUGAMONT<\/strong><\/td><td>&nbsp;<\/td><\/tr><tr><td>Secr\u00e9taire<\/td><td>Emilie <strong>THORY<\/strong><\/td><td>&nbsp;<\/td><\/tr><tr><td>Directeur technique<\/td><td>Alain <strong>CHARTIER<\/strong><\/td><td>&nbsp;<\/td><\/tr><tr><td>Responsable Mat\u00e9riel<\/td><td>Olivier <strong>STRAZZER<\/strong><\/td><td>&nbsp;<\/td><\/tr><tr><td>Responsable Mat\u00e9riel adjoint<\/td><td>Pierre-Henri <strong>CARTON<\/strong><\/td><td>&nbsp;<\/td><\/tr><tr><td>Membre<\/td><td>Sylvaine <strong>GASPARINI<\/strong><\/td><td>Formations, Sorties Bretagne<\/td><\/tr><tr><td>Membre<\/td><td>&nbsp;Estelle <b>LEMAITRE<\/b><\/td><td>Webmaster<\/td><\/tr><\/tbody><\/table><\/figure>\n","protected":false},"excerpt":{"rendered":"<p>Notre adresse email du club pour nous contacter:&nbsp; ascea.saclay.plongee@gmail.com Le Bureau de notre section de plong\u00e9e se compose actuellement de :&nbsp; Poste Nom Activit\u00e9s Club Responsable section Bruno LAROUSSE &nbsp; Tr\u00e9sori\u00e8re Emmanuelle BOUGAMONT &nbsp; Secr\u00e9taire Emilie THORY &nbsp; Directeur technique Alain CHARTIER &nbsp; Responsable Mat\u00e9riel Olivier STRAZZER &nbsp; Responsable Mat\u00e9riel adjoint Pierre-Henri CARTON &nbsp; Membre <a class=\"read-more\" href=\"http:\/\/www.ascea-saclay-plongee.com\/?page_id=765\">READ MORE<\/a><\/p>\n","protected":false},"author":1,"featured_media":0,"parent":730,"menu_order":3,"comment_status":"closed","ping_status":"closed","template":"","meta":{"footnotes":""},"class_list":["post-765","page","type-page","status-publish","hentry"],"_links":{"self":[{"href":"http:\/\/www.ascea-saclay-plongee.com\/index.php?rest_route=\/wp\/v2\/pages\/765","targetHints":{"allow":["GET"]}}],"collection":[{"href":"http:\/\/www.ascea-saclay-plongee.com\/index.php?rest_route=\/wp\/v2\/pages"}],"about":[{"href":"http:\/\/www.ascea-saclay-plongee.com\/index.php?rest_route=\/wp\/v2\/types\/page"}],"author":[{"embeddable":true,"href":"http:\/\/www.ascea-saclay-plongee.com\/index.php?rest_route=\/wp\/v2\/users\/1"}],"replies":[{"embeddable":true,"href":"http:\/\/www.ascea-saclay-plongee.com\/index.php?rest_route=%2Fwp%2Fv2%2Fcomments&post=765"}],"version-history":[{"count":59,"href":"http:\/\/www.ascea-saclay-plongee.com\/index.php?rest_route=\/wp\/v2\/pages\/765\/revisions"}],"predecessor-version":[{"id":3623,"href":"http:\/\/www.ascea-saclay-plongee.com\/index.php?rest_route=\/wp\/v2\/pages\/765\/revisions\/3623"}],"up":[{"embeddable":true,"href":"http:\/\/www.ascea-saclay-plongee.com\/index.php?rest_route=\/wp\/v2\/pages\/730"}],"wp:attachment":[{"href":"http:\/\/www.ascea-saclay-plongee.com\/index.php?rest_route=%2Fwp%2Fv2%2Fmedia&parent=765"}],"curies":[{"name":"wp","href":"https:\/\/api.w.org\/{rel}","templated":true}]}}