{"id":733,"date":"2011-06-07T15:33:26","date_gmt":"2011-06-07T13:33:26","guid":{"rendered":"http:\/\/ascea.dsign-web.com\/?page_id=733"},"modified":"2018-09-29T01:23:52","modified_gmt":"2018-09-28T23:23:52","slug":"formations","status":"publish","type":"page","link":"http:\/\/www.ascea-saclay-plongee.com\/?page_id=733","title":{"rendered":"Les formations"},"content":{"rendered":"<p>La section Plong\u00e9e forme des plongeurs du niveau 1 au niveau 3. La pr\u00e9paration des diff\u00e9rents niveaux requiert un certain nombre de comp\u00e9tences pour lesquelles vous serez pr\u00e9par\u00e9s par nos encadrants b\u00e9n\u00e9voles. Le passage des niveaux n\u00e9cessite un accord du coll\u00e8ge des encadrants en fonction d\u2019un certain nombre de crit\u00e8res (aisance, ma\u00eetrise des gestes techniques, nombre de plong\u00e9es, mais aussi participation \u00e0 la vie du club).<\/p>\n<p>La section peut \u00e9galement aider \u00e0 la pr\u00e9paration du guide de palanqu\u00e9e, de l\u2019initiateur et du MF1 (monitorat 1<sup>er<\/sup> d\u00e9gr\u00e9), qui sont des niveaux d\u2019encadrement et d\u2019enseignement.<\/p>\n<p><strong>LE NIVEAU 1<\/strong><\/p>\n<p>Le plongeur niveau 1 \u00e9volue entre 0 et 20 m\u00e8tres avec un guide de palanqu\u00e9e. La formation s\u2019effectue en piscine, en fosse, et se termine par une sortie en mer sp\u00e9ciale \u00ab\u00a0premi\u00e8res bulles\u00a0\u00bb, g\u00e9n\u00e9ralement en mai, en M\u00e9diterran\u00e9e ou en mer chaude.<\/p>\n<p>L\u2019\u00e2ge minimum est de 14 ans. Le plongeur ne doit pas pr\u00e9senter de contre indications \u00e0 la pratique de la plong\u00e9e sous marine (certificat m\u00e9dical obligatoire).<\/p>\n<p><a href=\"http:\/\/www.infoplongee.fr\/ctn\/manmon\/04_Plongeur_niveau_1.pdf\" target=\"_blank\">Lien vers le livret de formation Niveau 1 de la FFESSM<\/a><\/p>\n<p>&nbsp;<\/p>\n<p><strong>LE NIVEAU 2<\/strong><\/p>\n<p>Le plongeur niveau 2 \u00e9volue en autonomie entre 0 et 20 m\u00e8tres et encadr\u00e9 par un guide de palanqu\u00e9e jusqu\u2019\u00e0 40m. La formation s\u2019effectue en piscine, en fosse, et en mer avec d\u2019une part des plong\u00e9es en \u00ab\u00a0autonomie encadr\u00e9e\u00a0\u00bb et d\u2019autre part un stage final de 6 jours en M\u00e9diterran\u00e9e. Pour entrer en formation au niveau de la section, nous vous conseillons une vingtaine de plong\u00e9es, bien que ce ne soit pas le seul crit\u00e8re.<\/p>\n<p>Conditions de candidature\u00a0: 16 ans minimum, niveau 1 ou \u00e9quivalent. Le plongeur ne doit pas pr\u00e9senter de contre indications \u00e0 la pratique de la plong\u00e9e sous marine (certificat m\u00e9dical obligatoire, d\u00e9livr\u00e9 par un m\u00e9decin f\u00e9d\u00e9ral, un m\u00e9decin du sport ou hyperbare).<\/p>\n<p><a href=\"http:\/\/www.infoplongee.fr\/ctn\/manmon\/06_Plongeur_niveau_2.pdf\" target=\"_blank\">Lien vers le manuel de formation Niveau\u00a02 de la FFESSM<\/a><\/p>\n<p>&nbsp;<\/p>\n<p><strong>LE NIVEAU 3<\/strong><\/p>\n<p>Le plongeur autonome niveau 3 \u00e9volue en autonomie de 0 \u00e0 60m. La formation s\u2019effectue principalement en mer (mais avec un entra\u00eenement piscine permettant une bonne condition physique) par un stage de 6 jours en mer. Cependant, pour entrer en formation au sein du club, le plongeur doit \u00eatre exp\u00e9riment\u00e9 (entre 80 et 100 plong\u00e9es), avoir fait des plong\u00e9es autonomes \u00e0 20m et des plong\u00e9es encadr\u00e9es \u00e0 40m.<\/p>\n<p>Conditions de candidature\u00a0: 18 ans minimum, niveau 2 ou \u00e9quivalent. Le plongeur ne doit pas pr\u00e9senter de contre indications \u00e0 la pratique de la plong\u00e9e sous marine (certificat m\u00e9dical obligatoire, d\u00e9livr\u00e9 par un m\u00e9decin f\u00e9d\u00e9ral, un m\u00e9decin du sport ou hyperbare).<\/p>\n<p><a href=\"http:\/\/www.infoplongee.fr\/ctn\/manmon\/09_Plongeur_niveau_3.pdf\" target=\"_blank\">Lien vers le manuel de formation Niveau 3 de la FFESSM<\/a><\/p>\n<p><strong>LE GUIDE DE PALANQUEE<\/strong><\/p>\n<p>Le guide de palanqu\u00e9e, ou plongeur niveau 4,\u00a0 encadre en mer des niveaux 1 jusqu\u2019\u00e0 20m et des niveaux 2 jusqu\u2019\u00e0 40m. Il peut \u00e9galement plonger en autonomie jusqu\u2019\u00e0 60m. Ce niveau demande du travail technique, physique et th\u00e9orique, aussi, nous vous conseillons de vous rapprocher de l\u2019\u00e9quipe encadrante si ce niveau vous int\u00e9resse.<\/p>\n<p>Conditions de candidature\u00a0: 18 ans minimum, niveau 3 ou \u00e9quivalent<\/p>\n<p><a href=\"http:\/\/www.infoplongee.fr\/ctn\/manmon\/09_Plongeur_niveau_3.pdf\" target=\"_blank\">Lien vers le manuel de formation Niveau 4 de la FFESSM<\/a><\/p>\n<p><strong>L\u2019INITIATEUR<\/strong><\/p>\n<p>Premier niveau d\u2019enseignement, l\u2019initiateur se pr\u00e9pare sur minimum une saison et comprend, \u00e0 l\u2019issue d\u2019un stage initial de 2 jours, des entrainements physiques, des s\u00e9ances d\u2019organisation et des s\u00e9ances de p\u00e9dagogie th\u00e9oriques et pratiques. Ce niveau permet d\u2019enseigner jusqu\u2019\u00e0 6m pour les plongeurs niveaux 2 et 3 et jusqu\u2019\u00e0 20m pour les guides de palanqu\u00e9e. Il demande de la motivation et un travail continu, aussi, nous vous conseillons de vous rapprocher de l\u2019\u00e9quipe encadrante si ce niveau vous int\u00e9resse.<\/p>\n<p><a href=\"http:\/\/www.infoplongee.fr\/ctn\/manmon\/09_Plongeur_niveau_3.pdf\" target=\"_blank\">Lien vers le manuel de formation initiateur de la FFESSM<\/a><\/p>\n<p><strong>LE MF1<\/strong><\/p>\n<p>Le moniteur f\u00e9d\u00e9ral 1<sup>er<\/sup> degr\u00e9 permet d\u2019enseigner jusqu\u2019\u00e0 40m. Il se pr\u00e9pare en g\u00e9n\u00e9ral sur 2 ans et comprend, \u00e0 l\u2019issue d\u2019un stage initial de 6 jours, des s\u00e9ances d\u2019organisation et des s\u00e9ances de p\u00e9dagogie th\u00e9oriques et pratiques.\u00a0 Il demande de la motivation et un travail continu, aussi, nous vous conseillons de vous rapprocher de l\u2019\u00e9quipe encadrante si ce niveau vous int\u00e9resse.<\/p>\n<p><a href=\"http:\/\/www.infoplongee.fr\/ctn\/manmon\/09_Plongeur_niveau_3.pdf\" target=\"_blank\">Lien vers le manuel de formation MF1 de la FFESSM<\/a><\/p>\n","protected":false},"excerpt":{"rendered":"<p>La section Plong\u00e9e forme des plongeurs du niveau 1 au niveau 3. La pr\u00e9paration des diff\u00e9rents niveaux requiert un certain nombre de comp\u00e9tences pour lesquelles vous serez pr\u00e9par\u00e9s par nos encadrants b\u00e9n\u00e9voles. Le passage des niveaux n\u00e9cessite un accord du coll\u00e8ge des encadrants en fonction d\u2019un certain nombre de crit\u00e8res (aisance, ma\u00eetrise des gestes techniques, <a class=\"read-more\" href=\"http:\/\/www.ascea-saclay-plongee.com\/?page_id=733\">READ MORE<\/a><\/p>\n","protected":false},"author":1,"featured_media":0,"parent":2529,"menu_order":1,"comment_status":"closed","ping_status":"closed","template":"","meta":{"footnotes":""},"class_list":["post-733","page","type-page","status-publish","hentry"],"_links":{"self":[{"href":"http:\/\/www.ascea-saclay-plongee.com\/index.php?rest_route=\/wp\/v2\/pages\/733","targetHints":{"allow":["GET"]}}],"collection":[{"href":"http:\/\/www.ascea-saclay-plongee.com\/index.php?rest_route=\/wp\/v2\/pages"}],"about":[{"href":"http:\/\/www.ascea-saclay-plongee.com\/index.php?rest_route=\/wp\/v2\/types\/page"}],"author":[{"embeddable":true,"href":"http:\/\/www.ascea-saclay-plongee.com\/index.php?rest_route=\/wp\/v2\/users\/1"}],"replies":[{"embeddable":true,"href":"http:\/\/www.ascea-saclay-plongee.com\/index.php?rest_route=%2Fwp%2Fv2%2Fcomments&post=733"}],"version-history":[{"count":19,"href":"http:\/\/www.ascea-saclay-plongee.com\/index.php?rest_route=\/wp\/v2\/pages\/733\/revisions"}],"predecessor-version":[{"id":2575,"href":"http:\/\/www.ascea-saclay-plongee.com\/index.php?rest_route=\/wp\/v2\/pages\/733\/revisions\/2575"}],"up":[{"embeddable":true,"href":"http:\/\/www.ascea-saclay-plongee.com\/index.php?rest_route=\/wp\/v2\/pages\/2529"}],"wp:attachment":[{"href":"http:\/\/www.ascea-saclay-plongee.com\/index.php?rest_route=%2Fwp%2Fv2%2Fmedia&parent=733"}],"curies":[{"name":"wp","href":"https:\/\/api.w.org\/{rel}","templated":true}]}}