{"id":503,"date":"2011-05-02T17:56:50","date_gmt":"2011-05-02T15:56:50","guid":{"rendered":"http:\/\/ascea.dsign-web.com\/?page_id=503"},"modified":"2018-10-22T13:47:00","modified_gmt":"2018-10-22T11:47:00","slug":"visite-medicale","status":"publish","type":"page","link":"http:\/\/www.ascea-saclay-plongee.com\/?page_id=503","title":{"rendered":"Visite m\u00e9dicale"},"content":{"rendered":"<div>\n<p><span style=\"font-family: Comic Sans MS;\"><span style=\"font-size: large;\"><span style=\"font-size: small;\">Un certificat m\u00e9dical de \u00ab\u00a0non contre-indication \u00e0 la pratique de la plong\u00e9e sous-marine en bouteilles est exig\u00e9 pour \u00eatre autoris\u00e9 \u00e0 pratiquer la plong\u00e9e (et \u00e9videmment \u00e9galement pour la piscine). <\/span><\/span><span style=\"font-size: small;\">Ce certificat m\u00e9dical est reconnu valable pour une ann\u00e9e.&nbsp;<\/span><\/span><\/p>\n<div><span style=\"font-family: Comic Sans MS; color: #ff0000;\"><span style=\"font-size: small;\">Il n\u2019est pas demand\u00e9 pour un bapt\u00eame.<\/span><\/span><\/div>\n<div><span style=\"font-family: Comic Sans MS;\"><span style=\"font-size: small;\">&nbsp;<\/span><\/span><\/div>\n<div>\n<p><span style=\"font-family: Comic Sans MS;\"><span style=\"font-size: small;\">&nbsp;<\/span><\/span><span style=\"font-family: Comic Sans MS;\"><span style=\"font-size: large;\">Ici vous trouverez la <a href=\"https:\/\/ffessmcif.fr\/les-medecins\/\" target=\"_blank\" rel=\"noopener\">Liste de m\u00e9decins FEDERAUX<\/a><\/span><\/span><\/p>\n<div><span style=\"font-size: small;\">Nous vous demandons de passer votre visite m\u00e9dicale avec le document suivant que vous pouvez t\u00e9l\u00e9charger et emmener chez votre m\u00e9decin <\/span><\/div>\n<div>&nbsp;<\/div>\n<div><span style=\"font-size: small;\">T\u00e9l\u00e9charger le <a href=\"http:\/\/www.ascea-saclay-plongee.com\/wp-content\/uploads\/2018\/10\/CACI_V_05_2018.pdf\" target=\"_blank\" rel=\"attachment noopener wp-att-510\">Certificat medical 2018-2019<\/a>&nbsp; <\/span><\/div>\n<\/div>\n<\/div>\n","protected":false},"excerpt":{"rendered":"<p>Un certificat m\u00e9dical de \u00ab\u00a0non contre-indication \u00e0 la pratique de la plong\u00e9e sous-marine en bouteilles est exig\u00e9 pour \u00eatre autoris\u00e9 \u00e0 pratiquer la plong\u00e9e (et \u00e9videmment \u00e9galement pour la piscine). Ce certificat m\u00e9dical est reconnu valable pour une ann\u00e9e.&nbsp; Il n\u2019est pas demand\u00e9 pour un bapt\u00eame. &nbsp; &nbsp;Ici vous trouverez la Liste de m\u00e9decins FEDERAUX <a class=\"read-more\" href=\"http:\/\/www.ascea-saclay-plongee.com\/?page_id=503\">READ MORE<\/a><\/p>\n","protected":false},"author":1,"featured_media":0,"parent":486,"menu_order":0,"comment_status":"closed","ping_status":"closed","template":"","meta":{"footnotes":""},"class_list":["post-503","page","type-page","status-publish","hentry"],"_links":{"self":[{"href":"http:\/\/www.ascea-saclay-plongee.com\/index.php?rest_route=\/wp\/v2\/pages\/503","targetHints":{"allow":["GET"]}}],"collection":[{"href":"http:\/\/www.ascea-saclay-plongee.com\/index.php?rest_route=\/wp\/v2\/pages"}],"about":[{"href":"http:\/\/www.ascea-saclay-plongee.com\/index.php?rest_route=\/wp\/v2\/types\/page"}],"author":[{"embeddable":true,"href":"http:\/\/www.ascea-saclay-plongee.com\/index.php?rest_route=\/wp\/v2\/users\/1"}],"replies":[{"embeddable":true,"href":"http:\/\/www.ascea-saclay-plongee.com\/index.php?rest_route=%2Fwp%2Fv2%2Fcomments&post=503"}],"version-history":[{"count":27,"href":"http:\/\/www.ascea-saclay-plongee.com\/index.php?rest_route=\/wp\/v2\/pages\/503\/revisions"}],"predecessor-version":[{"id":2924,"href":"http:\/\/www.ascea-saclay-plongee.com\/index.php?rest_route=\/wp\/v2\/pages\/503\/revisions\/2924"}],"up":[{"embeddable":true,"href":"http:\/\/www.ascea-saclay-plongee.com\/index.php?rest_route=\/wp\/v2\/pages\/486"}],"wp:attachment":[{"href":"http:\/\/www.ascea-saclay-plongee.com\/index.php?rest_route=%2Fwp%2Fv2%2Fmedia&parent=503"}],"curies":[{"name":"wp","href":"https:\/\/api.w.org\/{rel}","templated":true}]}}