{"id":2656,"date":"2018-10-02T19:24:40","date_gmt":"2018-10-02T17:24:40","guid":{"rendered":"http:\/\/www.ascea-saclay-plongee.com\/?page_id=2656"},"modified":"2018-10-16T09:43:18","modified_gmt":"2018-10-16T07:43:18","slug":"entretien-du-materiel","status":"publish","type":"page","link":"http:\/\/www.ascea-saclay-plongee.com\/?page_id=2656","title":{"rendered":"Entretien du mat\u00e9riel"},"content":{"rendered":"<p>Quelques r\u00e8gles d&rsquo;entretien du mat\u00e9riel de plong\u00e9e qu&rsquo;il soit emprunt\u00e9 au club ou bien mat\u00e9riel personnel.<\/p>\n<p>Page en cours d&rsquo;\u00e9criture !<\/p>\n","protected":false},"excerpt":{"rendered":"<p>Quelques r\u00e8gles d&rsquo;entretien du mat\u00e9riel de plong\u00e9e qu&rsquo;il soit emprunt\u00e9 au club ou bien mat\u00e9riel personnel. Page en cours d&rsquo;\u00e9criture !<\/p>\n","protected":false},"author":1,"featured_media":0,"parent":17,"menu_order":2,"comment_status":"closed","ping_status":"closed","template":"","meta":{"footnotes":""},"class_list":["post-2656","page","type-page","status-publish","hentry"],"_links":{"self":[{"href":"http:\/\/www.ascea-saclay-plongee.com\/index.php?rest_route=\/wp\/v2\/pages\/2656","targetHints":{"allow":["GET"]}}],"collection":[{"href":"http:\/\/www.ascea-saclay-plongee.com\/index.php?rest_route=\/wp\/v2\/pages"}],"about":[{"href":"http:\/\/www.ascea-saclay-plongee.com\/index.php?rest_route=\/wp\/v2\/types\/page"}],"author":[{"embeddable":true,"href":"http:\/\/www.ascea-saclay-plongee.com\/index.php?rest_route=\/wp\/v2\/users\/1"}],"replies":[{"embeddable":true,"href":"http:\/\/www.ascea-saclay-plongee.com\/index.php?rest_route=%2Fwp%2Fv2%2Fcomments&post=2656"}],"version-history":[{"count":2,"href":"http:\/\/www.ascea-saclay-plongee.com\/index.php?rest_route=\/wp\/v2\/pages\/2656\/revisions"}],"predecessor-version":[{"id":2782,"href":"http:\/\/www.ascea-saclay-plongee.com\/index.php?rest_route=\/wp\/v2\/pages\/2656\/revisions\/2782"}],"up":[{"embeddable":true,"href":"http:\/\/www.ascea-saclay-plongee.com\/index.php?rest_route=\/wp\/v2\/pages\/17"}],"wp:attachment":[{"href":"http:\/\/www.ascea-saclay-plongee.com\/index.php?rest_route=%2Fwp%2Fv2%2Fmedia&parent=2656"}],"curies":[{"name":"wp","href":"https:\/\/api.w.org\/{rel}","templated":true}]}}