{"id":2529,"date":"2018-09-28T23:06:44","date_gmt":"2018-09-28T21:06:44","guid":{"rendered":"http:\/\/www.ascea-saclay-plongee.com\/?page_id=2529"},"modified":"2018-10-02T19:22:16","modified_gmt":"2018-10-02T17:22:16","slug":"activites","status":"publish","type":"page","link":"http:\/\/www.ascea-saclay-plongee.com\/?page_id=2529","title":{"rendered":"Activit\u00e9s"},"content":{"rendered":"<h2>Les formations<\/h2>\n<p>\t\t\t\t\t\t\t\t\t\t<img loading=\"lazy\" decoding=\"async\" width=\"837\" height=\"502\" src=\"http:\/\/www.ascea-saclay-plongee.com\/wp-content\/uploads\/2018\/10\/20180620_184230-1024x614.jpg\" alt=\"\" srcset=\"http:\/\/www.ascea-saclay-plongee.com\/wp-content\/uploads\/2018\/10\/20180620_184230-1024x614.jpg 1024w, http:\/\/www.ascea-saclay-plongee.com\/wp-content\/uploads\/2018\/10\/20180620_184230-300x180.jpg 300w, http:\/\/www.ascea-saclay-plongee.com\/wp-content\/uploads\/2018\/10\/20180620_184230-768x461.jpg 768w\" sizes=\"auto, (max-width: 837px) 100vw, 837px\" \/>\t\t\t\t\t\t\t\t\t\t\t<\/p>\n<p>D\u00e9couvrez les formations li\u00e9es \u00e0 la pratique de la plong\u00e9e sous-marine et celles propos\u00e9es par le club.<\/p>\n<p>\t\t\t<a href=\"http:\/\/www.ascea-saclay-plongee.com\/?page_id=733\" role=\"button\"><br \/>\n\t\t\t\t\t\tPour en savoir plus&#8230;<br \/>\n\t\t\t\t\t<\/a><\/p>\n<h2>Les calendriers<\/h2>\n<p>\t\t\t\t\t\t\t\t\t\t<img decoding=\"async\" src=\"http:\/\/www.ascea-saclay-plongee.com\/wp-content\/uploads\/elementor\/thumbs\/Calendrier-nwzbans6fo0p8g0xyee4c0lfzer2lc8k6omgs8x6o6.jpg\" title=\"Calendrier\" alt=\"Calendrier\" \/>\t\t\t\t\t\t\t\t\t\t\t<\/p>\n<p>Les liens vers les calendriers de la piscine de polytechnique et des prochaines sorties.<\/p>\n<p>\t\t\t<a href=\"http:\/\/www.ascea-saclay-plongee.com\/?page_id=224\" role=\"button\"><br \/>\n\t\t\t\t\t\tPour en savoir plus&#8230;<br \/>\n\t\t\t\t\t<\/a><\/p>\n<h2>Les sorties<\/h2>\n<p>\t\t\t\t\t\t\t\t\t\t<img decoding=\"async\" src=\"http:\/\/www.ascea-saclay-plongee.com\/wp-content\/uploads\/elementor\/thumbs\/photo14_5-nwzbh7po32zo6ki8oqdh7v2534g79d96r4dc8p7dae.jpg\" title=\"photo14_5\" alt=\"photo14_5\" \/>\t\t\t\t\t\t\t\t\t\t\t<\/p>\n<p>Les sorties r\u00e9alis\u00e9es et surtout les prochaines sorties avec les renseignements indispensables.<\/p>\n<p>\t\t\t<a href=\"http:\/\/www.ascea-saclay-plongee.com\/?page_id=103\" role=\"button\"><br \/>\n\t\t\t\t\t\tPour en savoir plus&#8230;<br \/>\n\t\t\t\t\t<\/a><\/p>\n","protected":false},"excerpt":{"rendered":"<p>Les formations D\u00e9couvrez les formations li\u00e9es \u00e0 la pratique de la plong\u00e9e sous-marine et celles propos\u00e9es par le club. Pour en savoir plus&#8230; Les calendriers Les liens vers les calendriers de la piscine de polytechnique et des prochaines sorties. Pour en savoir plus&#8230; Les sorties Les sorties r\u00e9alis\u00e9es et surtout les prochaines sorties avec les <a class=\"read-more\" href=\"http:\/\/www.ascea-saclay-plongee.com\/?page_id=2529\">READ MORE<\/a><\/p>\n","protected":false},"author":1,"featured_media":0,"parent":0,"menu_order":2,"comment_status":"closed","ping_status":"closed","template":"","meta":{"footnotes":""},"class_list":["post-2529","page","type-page","status-publish","hentry"],"_links":{"self":[{"href":"http:\/\/www.ascea-saclay-plongee.com\/index.php?rest_route=\/wp\/v2\/pages\/2529","targetHints":{"allow":["GET"]}}],"collection":[{"href":"http:\/\/www.ascea-saclay-plongee.com\/index.php?rest_route=\/wp\/v2\/pages"}],"about":[{"href":"http:\/\/www.ascea-saclay-plongee.com\/index.php?rest_route=\/wp\/v2\/types\/page"}],"author":[{"embeddable":true,"href":"http:\/\/www.ascea-saclay-plongee.com\/index.php?rest_route=\/wp\/v2\/users\/1"}],"replies":[{"embeddable":true,"href":"http:\/\/www.ascea-saclay-plongee.com\/index.php?rest_route=%2Fwp%2Fv2%2Fcomments&post=2529"}],"version-history":[{"count":7,"href":"http:\/\/www.ascea-saclay-plongee.com\/index.php?rest_route=\/wp\/v2\/pages\/2529\/revisions"}],"predecessor-version":[{"id":2655,"href":"http:\/\/www.ascea-saclay-plongee.com\/index.php?rest_route=\/wp\/v2\/pages\/2529\/revisions\/2655"}],"wp:attachment":[{"href":"http:\/\/www.ascea-saclay-plongee.com\/index.php?rest_route=%2Fwp%2Fv2%2Fmedia&parent=2529"}],"curies":[{"name":"wp","href":"https:\/\/api.w.org\/{rel}","templated":true}]}}