{"id":224,"date":"2011-03-31T13:56:46","date_gmt":"2011-03-31T11:56:46","guid":{"rendered":"http:\/\/ascea.dsign-web.com\/?page_id=224"},"modified":"2022-09-08T11:01:41","modified_gmt":"2022-09-08T09:01:41","slug":"lagenda-du-club","status":"publish","type":"page","link":"http:\/\/www.ascea-saclay-plongee.com\/?page_id=224","title":{"rendered":"Les Calendriers"},"content":{"rendered":"\n<p>Retrouvez dans cette page, les diff\u00e9rents calendriers de la section plong\u00e9e pour l&rsquo;ann\u00e9e 2022-2023.<\/p>\n\n\n\n<h2 class=\"wp-block-heading\"><strong>Les entra\u00eenements \u00e0 la piscine<\/strong><\/h2>\n\n\n\n<p><u>Calendrier pr\u00e9visionnel des 27 s\u00e9ances d\u2019entra\u00eenement piscine de la section plong\u00e9e les mercredis\u00a0:<\/u><\/p>\n\n\n\n<div class=\"wp-block-image\"><figure class=\"aligncenter size-large\"><img loading=\"lazy\" decoding=\"async\" width=\"1012\" height=\"450\" src=\"http:\/\/www.ascea-saclay-plongee.com\/wp-content\/uploads\/2022\/09\/Calendrier-piscine-1.png\" alt=\"\" class=\"wp-image-3589\" srcset=\"http:\/\/www.ascea-saclay-plongee.com\/wp-content\/uploads\/2022\/09\/Calendrier-piscine-1.png 1012w, http:\/\/www.ascea-saclay-plongee.com\/wp-content\/uploads\/2022\/09\/Calendrier-piscine-1-300x133.png 300w, http:\/\/www.ascea-saclay-plongee.com\/wp-content\/uploads\/2022\/09\/Calendrier-piscine-1-768x342.png 768w\" sizes=\"auto, (max-width: 1012px) 100vw, 1012px\" \/><figcaption><em>Dates inscrites en blanc : piscine ouverte \/ Dates barr\u00e9es : piscine ferm\u00e9e ou pas d\u2019entra\u00eenement<\/em><\/figcaption><\/figure><\/div>\n\n\n\n<h2 class=\"wp-block-heading\"><strong>Les sorties de la saison<\/strong><\/h2>\n\n\n\n<p>Les sorties ouvertes \u00e0 tous :<\/p>\n\n\n\n<ul class=\"wp-block-list\"><li>mai 2023 : sortie d&rsquo;application<\/li><li>juillet 2023 : Bretagne<\/li><li>octobre 2023 : m\u00e9diterran\u00e9e<\/li><li>coupe Neptune : septembre\/octobre 2023<\/li><\/ul>\n\n\n\n<p>Les sorties de formation :<\/p>\n\n\n\n<ul class=\"wp-block-list\"><li>entre d\u00e9cembre et mai : fosses<\/li><li>juin : sortie de passage de niveaux<\/li><\/ul>\n\n\n\n<h2 class=\"wp-block-heading\"><strong>Le calendrier g\u00e9n\u00e9ral de la section plong\u00e9e<\/strong><\/h2>\n\n\n\n<p><iframe loading=\"lazy\" style=\"border: 0pt none;\" src=\"https:\/\/www.google.com\/calendar\/embed?src=ascea.saclay.plongee%40gmail.com&amp;ctz=Europe\/Paris\" width=\"490\" height=\"400\" frameborder=\"0\" scrolling=\"yes\"><\/iframe><\/p>\n\n\n\n<p><a href=\"https:\/\/www.google.com\/calendar\" target=\"_blank\" rel=\"noopener noreferrer\">G\u00e9rer le calendrier<\/a><\/p>\n\n\n\n<hr class=\"wp-block-separator\"\/>\n\n\n\n<p><a href=\"https:\/\/www.google.com\/calendar\/embed?src=ascea.saclay.plongee%40gmail.com&amp;ctz=Europe\/Paris\" target=\"_blank\" rel=\"noopener noreferrer\">Le lien Web du Calendrier du club<\/a><\/p>\n\n\n\n<hr class=\"wp-block-separator\"\/>\n\n\n\n<p><a href=\"https:\/\/www.google.com\/calendar\/ical\/ascea.saclay.plongee%40gmail.com\/public\/basic.ics\" target=\"_blank\" rel=\"noopener noreferrer\">Le lien ICAL du Calendrier du club<\/a><\/p>\n\n\n\n<hr class=\"wp-block-separator\"\/>\n","protected":false},"excerpt":{"rendered":"<p>Retrouvez dans cette page, les diff\u00e9rents calendriers de la section plong\u00e9e pour l&rsquo;ann\u00e9e 2022-2023. Les entra\u00eenements \u00e0 la piscine Calendrier pr\u00e9visionnel des 27 s\u00e9ances d\u2019entra\u00eenement piscine de la section plong\u00e9e les mercredis\u00a0: Les sorties de la saison Les sorties ouvertes \u00e0 tous : mai 2023 : sortie d&rsquo;application juillet 2023 : Bretagne octobre 2023 : <a class=\"read-more\" href=\"http:\/\/www.ascea-saclay-plongee.com\/?page_id=224\">READ MORE<\/a><\/p>\n","protected":false},"author":1,"featured_media":0,"parent":2529,"menu_order":2,"comment_status":"closed","ping_status":"closed","template":"","meta":{"footnotes":""},"class_list":["post-224","page","type-page","status-publish","hentry"],"_links":{"self":[{"href":"http:\/\/www.ascea-saclay-plongee.com\/index.php?rest_route=\/wp\/v2\/pages\/224","targetHints":{"allow":["GET"]}}],"collection":[{"href":"http:\/\/www.ascea-saclay-plongee.com\/index.php?rest_route=\/wp\/v2\/pages"}],"about":[{"href":"http:\/\/www.ascea-saclay-plongee.com\/index.php?rest_route=\/wp\/v2\/types\/page"}],"author":[{"embeddable":true,"href":"http:\/\/www.ascea-saclay-plongee.com\/index.php?rest_route=\/wp\/v2\/users\/1"}],"replies":[{"embeddable":true,"href":"http:\/\/www.ascea-saclay-plongee.com\/index.php?rest_route=%2Fwp%2Fv2%2Fcomments&post=224"}],"version-history":[{"count":121,"href":"http:\/\/www.ascea-saclay-plongee.com\/index.php?rest_route=\/wp\/v2\/pages\/224\/revisions"}],"predecessor-version":[{"id":3593,"href":"http:\/\/www.ascea-saclay-plongee.com\/index.php?rest_route=\/wp\/v2\/pages\/224\/revisions\/3593"}],"up":[{"embeddable":true,"href":"http:\/\/www.ascea-saclay-plongee.com\/index.php?rest_route=\/wp\/v2\/pages\/2529"}],"wp:attachment":[{"href":"http:\/\/www.ascea-saclay-plongee.com\/index.php?rest_route=%2Fwp%2Fv2%2Fmedia&parent=224"}],"curies":[{"name":"wp","href":"https:\/\/api.w.org\/{rel}","templated":true}]}}